{"id":785,"date":"2021-04-22T18:26:29","date_gmt":"2021-04-22T16:26:29","guid":{"rendered":"https:\/\/www.ati-traduction.com\/traduction-assermentee\/"},"modified":"2021-08-05T15:29:55","modified_gmt":"2021-08-05T13:29:55","slug":"beedigde-vertaling","status":"publish","type":"page","link":"https:\/\/www.ati-traduction.com\/nl\/beedigde-vertaling\/","title":{"rendered":"Be\u00ebdigde vertaling"},"content":{"rendered":"<section class=\"l-section wpb_row us_custom_6df4bc3a has_text_color height_medium with_img\"><div class=\"l-section-img\" role=\"img\" aria-label=\"ATI copywriting\" data-img-width=\"1200\" data-img-height=\"801\" style=\"background-image: url(https:\/\/www.ati-traduction.com\/wp-content\/uploads\/ATI-Web00036.jpg);background-repeat: no-repeat;\"><\/div><div class=\"l-section-overlay\" style=\"background:rgba(143,20,26,0.85)\"><\/div><div class=\"l-section-h i-cf\"><div class=\"g-cols vc_row via_flex valign_top type_default stacking_default\"><div class=\"vc_col-sm-12 wpb_column vc_column_container\"><div class=\"vc_column-inner\"><div class=\"wpb_wrapper\"><h1 class=\"w-post-elm post_title us_custom_ce7e20ef has_text_color align_center entry-title color_link_inherit\">Be\u00ebdigde vertaling<\/h1><div class=\"g-cols wpb_row via_flex valign_top type_default stacking_default\"><div class=\"vc_col-sm-2 wpb_column vc_column_container\"><div class=\"vc_column-inner\"><div class=\"wpb_wrapper\"><\/div><\/div><\/div><div class=\"vc_col-sm-8 wpb_column vc_column_container\"><div class=\"vc_column-inner\"><div class=\"wpb_wrapper\"><div class=\"wpb_text_column us_custom_1e0e9307\"><div class=\"wpb_wrapper\"><p><strong>In onze vaktaal spreken we van &#8220;vrije&#8221; vertaling tegenover be\u00ebdigde vertaling. <\/strong><\/p>\n<p>Een vrije vertaling kan over zeer uiteenlopende inhoud gaan, maar van documenten die een offici\u00eble, juridische en\/of wettelijke waarde hebben, moet soms een be\u00ebdigde vertaling gemaakt worden.<\/p>\n<\/div><\/div><\/div><\/div><\/div><div class=\"vc_col-sm-2 wpb_column vc_column_container\"><div class=\"vc_column-inner\"><div class=\"wpb_wrapper\"><\/div><\/div><\/div><\/div><\/div><\/div><\/div><\/div><\/div><\/section><section class=\"l-section wpb_row height_medium\"><div class=\"l-section-h i-cf\"><div class=\"g-cols vc_row via_flex valign_top type_default stacking_default\"><div class=\"vc_col-sm-6 wpb_column vc_column_container us_animate_fade\"><div class=\"vc_column-inner\"><div class=\"wpb_wrapper\"><div class=\"w-image align_center\"><div class=\"w-image-h\"><img decoding=\"async\" width=\"600\" height=\"600\" src=\"https:\/\/www.ati-traduction.com\/wp-content\/uploads\/ATI-Web00035-600x600.jpg\" class=\"attachment-us_600_600_crop size-us_600_600_crop\" alt=\"Traduction asserment\u00e9e ATI\" loading=\"lazy\" srcset=\"https:\/\/www.ati-traduction.com\/wp-content\/uploads\/ATI-Web00035-600x600.jpg 600w, https:\/\/www.ati-traduction.com\/wp-content\/uploads\/ATI-Web00035-150x150.jpg 150w, https:\/\/www.ati-traduction.com\/wp-content\/uploads\/ATI-Web00035-75x75.jpg 75w\" sizes=\"auto, (max-width: 600px) 100vw, 600px\" \/><\/div><\/div><\/div><\/div><\/div><div class=\"vc_col-sm-6 wpb_column vc_column_container us_animate_afb\" style=\"animation-delay:0.5s\"><div class=\"vc_column-inner\"><div class=\"wpb_wrapper\"><div class=\"wpb_text_column\"><div class=\"wpb_wrapper\"><h2>Wat is een be\u00ebdigde vertaling?<\/h2>\n<p>Een <strong>be\u00ebdigde vertaling<\/strong> (ook <strong>gelegaliseerde vertaling genoemd<\/strong>) wordt gemaakt door een vertaler die een professionele eed heeft afgelegd voor de voorzitter van het (Franse) Hof van Beroep en waarborgt dat zijn vertaling overeenstemt met het origineel. <u>Wij helpen onze klanten (kmo&#8217;s, advocaten, notarissen, openbare lichamen) bij alle offici\u00eble stappen die ze bij overheden of administraties moeten ondernemen.<\/u><\/p>\n<h3>Een be\u00ebdigde vertaling conform met het origineell<\/h3>\n<p>Een vertaling kan maar voor eensluidend gewaarmerkt worden als ze vergezeld is van het origineel ervan en als zowel het origineel als de vertaling voorzien zijn van de handtekening en het stempel van de vertaler.<br \/>\nVoor heel wat documenten kan een be\u00ebdiging gevraagd worden: proceshandelingen, bij de rechtbanken ingediende stukken, documenten van rogatoire commissies, akten van deurwaarders (aanzeggingen, beslagleggingen, enz.), notari\u00eble akten (testamenten, enz.), administratieve documenten en akten van de burgerlijke stand, Kbis, contracten, artikels uit wetboeken, enz.<\/p>\n<h2>Hoe wordt een handtekening echt verklaard?<\/h2>\n<p><em>Sommige administraties eisen dat de handtekening echt verklaard wordt.<\/em><\/p>\n<p><strong>Echtverklaring<\/strong> is een formaliteit die vervuld moet worden door een be\u00ebdigd vertaler, die vooraf zijn handtekening heeft ingediend. Doorgaans wordt een echt verklaarde handtekening ge\u00ebist als als de vertaling bestemd is voor het Ministerie van Buitenlandse Zaken of de ambassade.<br \/>\nIn de meeste gevallen is een klassieke be\u00ebdigde vertaling voldoende. In Frankrijk hoeft de handtekening van de be\u00ebdigde vertaler niet gelegaliseerd te worden. Als uw vertaling voor het buitenland bestemd is, kunt u best bij de ontvangende partij navragen of legalisering noodzakelijk is.<\/p>\n<\/div><\/div><\/div><\/div><\/div><\/div><\/div><\/section><section class=\"l-section wpb_row height_huge with_img parallax_ver\"><div class=\"l-section-img\" role=\"img\" aria-label=\"Afbeelding\" data-img-width=\"1200\" data-img-height=\"801\" style=\"background-image: url(https:\/\/www.ati-traduction.com\/wp-content\/uploads\/ATI-Web00047.jpg);background-repeat: no-repeat;\"><\/div><div class=\"l-section-overlay\" style=\"background:rgba(26,26,26,0.70)\"><\/div><div class=\"l-section-h i-cf\"><div class=\"g-cols vc_row via_flex valign_top type_default stacking_default\"><div class=\"vc_col-sm-12 wpb_column vc_column_container us_animate_afc\"><div class=\"vc_column-inner\"><div class=\"wpb_wrapper\"><div class=\"w-separator size_medium\"><\/div><div class=\"wpb_text_column us_custom_5e5dd845 has_text_color\"><div class=\"wpb_wrapper\"><p style=\"text-align: center;\"><strong>Be\u00ebdigde vertaling<\/strong> nodig?<\/p>\n<\/div><\/div><div class=\"w-btn-wrapper align_center\"><a class=\"w-btn us-btn-style_1\" title=\"ATI TRADUCTION\" href=\"https:\/\/www.ati-traduction.com\/nl\/contact\/\"><span class=\"w-btn-label\">CONTACTEER ONS<\/span><\/a><\/div><div class=\"w-separator size_medium\"><\/div><\/div><\/div><\/div><\/div><\/div><\/section>\n","protected":false},"excerpt":{"rendered":"Be\u00ebdigde vertalingIn onze vaktaal spreken we van &#8220;vrije&#8221; vertaling tegenover be\u00ebdigde vertaling. Een vrije vertaling kan over zeer uiteenlopende inhoud gaan, maar van documenten die een offici\u00eble, juridische en\/of wettelijke waarde hebben, moet soms een be\u00ebdigde vertaling gemaakt worden. Wat is een be\u00ebdigde vertaling? Een be\u00ebdigde vertaling (ook gelegaliseerde vertaling genoemd) wordt gemaakt door een...","protected":false},"author":1,"featured_media":95,"parent":0,"menu_order":0,"comment_status":"closed","ping_status":"closed","template":"","meta":{"footnotes":""},"class_list":["post-785","page","type-page","status-publish","has-post-thumbnail","hentry"],"_links":{"self":[{"href":"https:\/\/www.ati-traduction.com\/nl\/wp-json\/wp\/v2\/pages\/785","targetHints":{"allow":["GET"]}}],"collection":[{"href":"https:\/\/www.ati-traduction.com\/nl\/wp-json\/wp\/v2\/pages"}],"about":[{"href":"https:\/\/www.ati-traduction.com\/nl\/wp-json\/wp\/v2\/types\/page"}],"author":[{"embeddable":true,"href":"https:\/\/www.ati-traduction.com\/nl\/wp-json\/wp\/v2\/users\/1"}],"replies":[{"embeddable":true,"href":"https:\/\/www.ati-traduction.com\/nl\/wp-json\/wp\/v2\/comments?post=785"}],"version-history":[{"count":0,"href":"https:\/\/www.ati-traduction.com\/nl\/wp-json\/wp\/v2\/pages\/785\/revisions"}],"wp:featuredmedia":[{"embeddable":true,"href":"https:\/\/www.ati-traduction.com\/nl\/wp-json\/wp\/v2\/media\/95"}],"wp:attachment":[{"href":"https:\/\/www.ati-traduction.com\/nl\/wp-json\/wp\/v2\/media?parent=785"}],"curies":[{"name":"wp","href":"https:\/\/api.w.org\/{rel}","templated":true}]}}